{"id":958,"date":"2021-01-14T10:21:59","date_gmt":"2021-01-14T10:21:59","guid":{"rendered":"https:\/\/www.vetreriarodi.it\/?post_type=product&#038;p=958"},"modified":"2024-09-16T14:29:41","modified_gmt":"2024-09-16T14:29:41","slug":"vetro-blindato","status":"publish","type":"product","link":"https:\/\/www.vetreriarodi.it\/index.php\/prodotto\/vetro-blindato\/","title":{"rendered":"Vetro Blindato"},"content":{"rendered":"<p>I vetri Blindati sono vetri di sicurezza stratificati composti da tre o pi\u00f9 lastre, unite tra loro su tutta la superficie mediante interposizione di uno o pi\u00f9 fogli di Polivinilbutirrale (PVB), materiale plastico che per le sue caratteristiche di trasparenza ed elasticit\u00e0 rende queste tipologie di vetro particolarmente efficaci. Questi vetri di sicurezza trovano largo impiego nell\u2019edilizia ed in tutte quelle situazioni dove \u00e8 richiesta protezione alle persone o alle cose, sia rispetto a rotture accidentali che a possibili azioni vandaliche esterne. Li troviamo in soluzioni come vetrine di negozi, arredi stradali, porte blindate con vetro, edif\u00ecci e spazi con copertura in vetro. A seconda delle esigenze \u00e8 cos\u00ec possibile assemblarli con differenti tipi e spessori di vetro e differenti tipi e spessori di PVB che garantiscono al cliente una vasta scelta di soluzioni. Si possono arrivare ad ottenere varie categorie di vetri blindati a vari livelli protezione, da vetri antiproiettile a vetri anticrimine. La classificazione dei vetri antisfondamento \u00e8 guidata da normative LINI.<\/p>\n","protected":false},"excerpt":{"rendered":"<p>I vetri Blindati sono vetri di sicurezza stratificati composti da tre o pi\u00f9 lastre, unite tra loro su tutta la superficie mediante interposizione di uno o pi\u00f9 fogli di Polivinilbutirrale (PVB), materiale plastico che per le sue caratteristiche di trasparenza ed elasticit\u00e0 rende queste tipologie di vetro particolarmente efficaci. Questi vetri di sicurezza trovano largo [&hellip;]<\/p>\n","protected":false},"featured_media":1026,"template":"","meta":{"site-sidebar-layout":"default","site-content-layout":"","ast-site-content-layout":"default","site-content-style":"default","site-sidebar-style":"default","ast-global-header-display":"","ast-banner-title-visibility":"","ast-main-header-display":"","ast-hfb-above-header-display":"","ast-hfb-below-header-display":"","ast-hfb-mobile-header-display":"","site-post-title":"","ast-breadcrumbs-content":"","ast-featured-img":"","footer-sml-layout":"","ast-disable-related-posts":"","theme-transparent-header-meta":"default","adv-header-id-meta":"","stick-header-meta":"","header-above-stick-meta":"","header-main-stick-meta":"","header-below-stick-meta":"","astra-migrate-meta-layouts":"set","ast-page-background-enabled":"default","ast-page-background-meta":{"desktop":{"background-color":"var(--ast-global-color-4)","background-image":"","background-repeat":"repeat","background-position":"center center","background-size":"auto","background-attachment":"scroll","background-type":"","background-media":"","overlay-type":"","overlay-color":"","overlay-opacity":"","overlay-gradient":""},"tablet":{"background-color":"","background-image":"","background-repeat":"repeat","background-position":"center center","background-size":"auto","background-attachment":"scroll","background-type":"","background-media":"","overlay-type":"","overlay-color":"","overlay-opacity":"","overlay-gradient":""},"mobile":{"background-color":"","background-image":"","background-repeat":"repeat","background-position":"center center","background-size":"auto","background-attachment":"scroll","background-type":"","background-media":"","overlay-type":"","overlay-color":"","overlay-opacity":"","overlay-gradient":""}},"ast-content-background-meta":{"desktop":{"background-color":"var(--ast-global-color-5)","background-image":"","background-repeat":"repeat","background-position":"center center","background-size":"auto","background-attachment":"scroll","background-type":"","background-media":"","overlay-type":"","overlay-color":"","overlay-opacity":"","overlay-gradient":""},"tablet":{"background-color":"var(--ast-global-color-5)","background-image":"","background-repeat":"repeat","background-position":"center center","background-size":"auto","background-attachment":"scroll","background-type":"","background-media":"","overlay-type":"","overlay-color":"","overlay-opacity":"","overlay-gradient":""},"mobile":{"background-color":"var(--ast-global-color-5)","background-image":"","background-repeat":"repeat","background-position":"center center","background-size":"auto","background-attachment":"scroll","background-type":"","background-media":"","overlay-type":"","overlay-color":"","overlay-opacity":"","overlay-gradient":""}}},"product_brand":[],"product_cat":[65],"product_tag":[],"class_list":{"0":"post-958","1":"product","2":"type-product","3":"status-publish","4":"has-post-thumbnail","6":"product_cat-vetri","7":"desktop-align-left","8":"tablet-align-left","9":"mobile-align-left","11":"first","12":"instock","13":"sold-individually","14":"shipping-taxable","15":"purchasable","16":"product-type-simple"},"yoast_head":"<!-- This site is optimized with the Yoast SEO plugin v27.3 - https:\/\/yoast.com\/product\/yoast-seo-wordpress\/ -->\n<title>Vetro Blindato - Vetreria Rodi Genova<\/title>\n<meta name=\"description\" content=\"I vetri blindati di sicurezza stratificati composti da tre o pi\u00f9 lastre, unite tra loro su tutta la superficie mediante interposizione di fogli di PVB\" \/>\n<meta name=\"robots\" content=\"index, follow, max-snippet:-1, max-image-preview:large, max-video-preview:-1\" \/>\n<link rel=\"canonical\" href=\"https:\/\/www.vetreriarodi.it\/index.php\/prodotto\/vetro-blindato\/\" \/>\n<meta property=\"og:locale\" content=\"it_IT\" \/>\n<meta property=\"og:type\" content=\"article\" \/>\n<meta property=\"og:title\" content=\"Vetro Blindato - Vetreria Rodi Genova\" \/>\n<meta property=\"og:description\" content=\"I vetri blindati di sicurezza stratificati composti da tre o pi\u00f9 lastre, unite tra loro su tutta la superficie mediante interposizione di fogli di PVB\" \/>\n<meta property=\"og:url\" content=\"https:\/\/www.vetreriarodi.it\/index.php\/prodotto\/vetro-blindato\/\" \/>\n<meta property=\"og:site_name\" content=\"Vetreria Rodi Genova\" \/>\n<meta property=\"article:modified_time\" content=\"2024-09-16T14:29:41+00:00\" \/>\n<meta property=\"og:image\" content=\"https:\/\/www.vetreriarodi.it\/wp-content\/uploads\/2021\/01\/vetro-blindato.jpg\" \/>\n\t<meta property=\"og:image:width\" content=\"300\" \/>\n\t<meta property=\"og:image:height\" content=\"300\" \/>\n\t<meta property=\"og:image:type\" content=\"image\/jpeg\" \/>\n<meta name=\"twitter:card\" content=\"summary_large_image\" \/>\n<meta name=\"twitter:label1\" content=\"Tempo di lettura stimato\" \/>\n\t<meta name=\"twitter:data1\" content=\"2 minuti\" \/>\n<script type=\"application\/ld+json\" class=\"yoast-schema-graph\">{\"@context\":\"https:\\\/\\\/schema.org\",\"@graph\":[{\"@type\":\"WebPage\",\"@id\":\"https:\\\/\\\/www.vetreriarodi.it\\\/index.php\\\/prodotto\\\/vetro-blindato\\\/\",\"url\":\"https:\\\/\\\/www.vetreriarodi.it\\\/index.php\\\/prodotto\\\/vetro-blindato\\\/\",\"name\":\"Vetro Blindato - Vetreria Rodi Genova\",\"isPartOf\":{\"@id\":\"https:\\\/\\\/www.vetreriarodi.it\\\/#website\"},\"primaryImageOfPage\":{\"@id\":\"https:\\\/\\\/www.vetreriarodi.it\\\/index.php\\\/prodotto\\\/vetro-blindato\\\/#primaryimage\"},\"image\":{\"@id\":\"https:\\\/\\\/www.vetreriarodi.it\\\/index.php\\\/prodotto\\\/vetro-blindato\\\/#primaryimage\"},\"thumbnailUrl\":\"https:\\\/\\\/www.vetreriarodi.it\\\/wp-content\\\/uploads\\\/2021\\\/01\\\/vetro-blindato.jpg\",\"datePublished\":\"2021-01-14T10:21:59+00:00\",\"dateModified\":\"2024-09-16T14:29:41+00:00\",\"description\":\"I vetri blindati di sicurezza stratificati composti da tre o pi\u00f9 lastre, unite tra loro su tutta la superficie mediante interposizione di fogli di PVB\",\"breadcrumb\":{\"@id\":\"https:\\\/\\\/www.vetreriarodi.it\\\/index.php\\\/prodotto\\\/vetro-blindato\\\/#breadcrumb\"},\"inLanguage\":\"it-IT\",\"potentialAction\":[{\"@type\":\"ReadAction\",\"target\":[\"https:\\\/\\\/www.vetreriarodi.it\\\/index.php\\\/prodotto\\\/vetro-blindato\\\/\"]}]},{\"@type\":\"ImageObject\",\"inLanguage\":\"it-IT\",\"@id\":\"https:\\\/\\\/www.vetreriarodi.it\\\/index.php\\\/prodotto\\\/vetro-blindato\\\/#primaryimage\",\"url\":\"https:\\\/\\\/www.vetreriarodi.it\\\/wp-content\\\/uploads\\\/2021\\\/01\\\/vetro-blindato.jpg\",\"contentUrl\":\"https:\\\/\\\/www.vetreriarodi.it\\\/wp-content\\\/uploads\\\/2021\\\/01\\\/vetro-blindato.jpg\",\"width\":300,\"height\":300},{\"@type\":\"BreadcrumbList\",\"@id\":\"https:\\\/\\\/www.vetreriarodi.it\\\/index.php\\\/prodotto\\\/vetro-blindato\\\/#breadcrumb\",\"itemListElement\":[{\"@type\":\"ListItem\",\"position\":1,\"name\":\"Home\",\"item\":\"https:\\\/\\\/www.vetreriarodi.it\\\/\"},{\"@type\":\"ListItem\",\"position\":2,\"name\":\"Shop\",\"item\":\"https:\\\/\\\/www.vetreriarodi.it\\\/index.php\\\/negozio\\\/\"},{\"@type\":\"ListItem\",\"position\":3,\"name\":\"Vetro Blindato\"}]},{\"@type\":\"WebSite\",\"@id\":\"https:\\\/\\\/www.vetreriarodi.it\\\/#website\",\"url\":\"https:\\\/\\\/www.vetreriarodi.it\\\/\",\"name\":\"Vetreria Rodi Genova\",\"description\":\"Vetri e specchi su misura\",\"publisher\":{\"@id\":\"https:\\\/\\\/www.vetreriarodi.it\\\/#organization\"},\"potentialAction\":[{\"@type\":\"SearchAction\",\"target\":{\"@type\":\"EntryPoint\",\"urlTemplate\":\"https:\\\/\\\/www.vetreriarodi.it\\\/?s={search_term_string}\"},\"query-input\":{\"@type\":\"PropertyValueSpecification\",\"valueRequired\":true,\"valueName\":\"search_term_string\"}}],\"inLanguage\":\"it-IT\"},{\"@type\":\"Organization\",\"@id\":\"https:\\\/\\\/www.vetreriarodi.it\\\/#organization\",\"name\":\"Vetreria Rodi Genova\",\"url\":\"https:\\\/\\\/www.vetreriarodi.it\\\/\",\"logo\":{\"@type\":\"ImageObject\",\"inLanguage\":\"it-IT\",\"@id\":\"https:\\\/\\\/www.vetreriarodi.it\\\/#\\\/schema\\\/logo\\\/image\\\/\",\"url\":\"https:\\\/\\\/www.vetreriarodi.it\\\/wp-content\\\/uploads\\\/2021\\\/11\\\/cropped-vetreriarodi-logo.png\",\"contentUrl\":\"https:\\\/\\\/www.vetreriarodi.it\\\/wp-content\\\/uploads\\\/2021\\\/11\\\/cropped-vetreriarodi-logo.png\",\"width\":340,\"height\":156,\"caption\":\"Vetreria Rodi Genova\"},\"image\":{\"@id\":\"https:\\\/\\\/www.vetreriarodi.it\\\/#\\\/schema\\\/logo\\\/image\\\/\"}}]}<\/script>\n<!-- \/ Yoast SEO plugin. -->","yoast_head_json":{"title":"Vetro Blindato - Vetreria Rodi Genova","description":"I vetri blindati di sicurezza stratificati composti da tre o pi\u00f9 lastre, unite tra loro su tutta la superficie mediante interposizione di fogli di PVB","robots":{"index":"index","follow":"follow","max-snippet":"max-snippet:-1","max-image-preview":"max-image-preview:large","max-video-preview":"max-video-preview:-1"},"canonical":"https:\/\/www.vetreriarodi.it\/index.php\/prodotto\/vetro-blindato\/","og_locale":"it_IT","og_type":"article","og_title":"Vetro Blindato - Vetreria Rodi Genova","og_description":"I vetri blindati di sicurezza stratificati composti da tre o pi\u00f9 lastre, unite tra loro su tutta la superficie mediante interposizione di fogli di PVB","og_url":"https:\/\/www.vetreriarodi.it\/index.php\/prodotto\/vetro-blindato\/","og_site_name":"Vetreria Rodi Genova","article_modified_time":"2024-09-16T14:29:41+00:00","og_image":[{"width":300,"height":300,"url":"https:\/\/www.vetreriarodi.it\/wp-content\/uploads\/2021\/01\/vetro-blindato.jpg","type":"image\/jpeg"}],"twitter_card":"summary_large_image","twitter_misc":{"Tempo di lettura stimato":"2 minuti"},"schema":{"@context":"https:\/\/schema.org","@graph":[{"@type":"WebPage","@id":"https:\/\/www.vetreriarodi.it\/index.php\/prodotto\/vetro-blindato\/","url":"https:\/\/www.vetreriarodi.it\/index.php\/prodotto\/vetro-blindato\/","name":"Vetro Blindato - Vetreria Rodi Genova","isPartOf":{"@id":"https:\/\/www.vetreriarodi.it\/#website"},"primaryImageOfPage":{"@id":"https:\/\/www.vetreriarodi.it\/index.php\/prodotto\/vetro-blindato\/#primaryimage"},"image":{"@id":"https:\/\/www.vetreriarodi.it\/index.php\/prodotto\/vetro-blindato\/#primaryimage"},"thumbnailUrl":"https:\/\/www.vetreriarodi.it\/wp-content\/uploads\/2021\/01\/vetro-blindato.jpg","datePublished":"2021-01-14T10:21:59+00:00","dateModified":"2024-09-16T14:29:41+00:00","description":"I vetri blindati di sicurezza stratificati composti da tre o pi\u00f9 lastre, unite tra loro su tutta la superficie mediante interposizione di fogli di PVB","breadcrumb":{"@id":"https:\/\/www.vetreriarodi.it\/index.php\/prodotto\/vetro-blindato\/#breadcrumb"},"inLanguage":"it-IT","potentialAction":[{"@type":"ReadAction","target":["https:\/\/www.vetreriarodi.it\/index.php\/prodotto\/vetro-blindato\/"]}]},{"@type":"ImageObject","inLanguage":"it-IT","@id":"https:\/\/www.vetreriarodi.it\/index.php\/prodotto\/vetro-blindato\/#primaryimage","url":"https:\/\/www.vetreriarodi.it\/wp-content\/uploads\/2021\/01\/vetro-blindato.jpg","contentUrl":"https:\/\/www.vetreriarodi.it\/wp-content\/uploads\/2021\/01\/vetro-blindato.jpg","width":300,"height":300},{"@type":"BreadcrumbList","@id":"https:\/\/www.vetreriarodi.it\/index.php\/prodotto\/vetro-blindato\/#breadcrumb","itemListElement":[{"@type":"ListItem","position":1,"name":"Home","item":"https:\/\/www.vetreriarodi.it\/"},{"@type":"ListItem","position":2,"name":"Shop","item":"https:\/\/www.vetreriarodi.it\/index.php\/negozio\/"},{"@type":"ListItem","position":3,"name":"Vetro Blindato"}]},{"@type":"WebSite","@id":"https:\/\/www.vetreriarodi.it\/#website","url":"https:\/\/www.vetreriarodi.it\/","name":"Vetreria Rodi Genova","description":"Vetri e specchi su misura","publisher":{"@id":"https:\/\/www.vetreriarodi.it\/#organization"},"potentialAction":[{"@type":"SearchAction","target":{"@type":"EntryPoint","urlTemplate":"https:\/\/www.vetreriarodi.it\/?s={search_term_string}"},"query-input":{"@type":"PropertyValueSpecification","valueRequired":true,"valueName":"search_term_string"}}],"inLanguage":"it-IT"},{"@type":"Organization","@id":"https:\/\/www.vetreriarodi.it\/#organization","name":"Vetreria Rodi Genova","url":"https:\/\/www.vetreriarodi.it\/","logo":{"@type":"ImageObject","inLanguage":"it-IT","@id":"https:\/\/www.vetreriarodi.it\/#\/schema\/logo\/image\/","url":"https:\/\/www.vetreriarodi.it\/wp-content\/uploads\/2021\/11\/cropped-vetreriarodi-logo.png","contentUrl":"https:\/\/www.vetreriarodi.it\/wp-content\/uploads\/2021\/11\/cropped-vetreriarodi-logo.png","width":340,"height":156,"caption":"Vetreria Rodi Genova"},"image":{"@id":"https:\/\/www.vetreriarodi.it\/#\/schema\/logo\/image\/"}}]}},"_links":{"self":[{"href":"https:\/\/www.vetreriarodi.it\/index.php\/wp-json\/wp\/v2\/product\/958","targetHints":{"allow":["GET"]}}],"collection":[{"href":"https:\/\/www.vetreriarodi.it\/index.php\/wp-json\/wp\/v2\/product"}],"about":[{"href":"https:\/\/www.vetreriarodi.it\/index.php\/wp-json\/wp\/v2\/types\/product"}],"wp:featuredmedia":[{"embeddable":true,"href":"https:\/\/www.vetreriarodi.it\/index.php\/wp-json\/wp\/v2\/media\/1026"}],"wp:attachment":[{"href":"https:\/\/www.vetreriarodi.it\/index.php\/wp-json\/wp\/v2\/media?parent=958"}],"wp:term":[{"taxonomy":"product_brand","embeddable":true,"href":"https:\/\/www.vetreriarodi.it\/index.php\/wp-json\/wp\/v2\/product_brand?post=958"},{"taxonomy":"product_cat","embeddable":true,"href":"https:\/\/www.vetreriarodi.it\/index.php\/wp-json\/wp\/v2\/product_cat?post=958"},{"taxonomy":"product_tag","embeddable":true,"href":"https:\/\/www.vetreriarodi.it\/index.php\/wp-json\/wp\/v2\/product_tag?post=958"}],"curies":[{"name":"wp","href":"https:\/\/api.w.org\/{rel}","templated":true}]}}