{"id":941,"date":"2021-01-13T15:39:02","date_gmt":"2021-01-13T15:39:02","guid":{"rendered":"https:\/\/www.vetreriarodi.it\/?post_type=product&#038;p=941"},"modified":"2024-09-16T14:37:40","modified_gmt":"2024-09-16T14:37:40","slug":"vetro-temperato","status":"publish","type":"product","link":"https:\/\/www.vetreriarodi.it\/index.php\/prodotto\/vetro-temperato\/","title":{"rendered":"Vetro Temperato"},"content":{"rendered":"<p>Si tratta di un vetro ottenuto da una normale lastra float riscaldata ad alta temperatura (640\u00b0C) fino al rammollimento della struttura. Estratto dal forno, viene bruscamente raffreddato con getti di aria fredda ad alta pressione che per\u00f2 producono l\u2019irrigidimento solo della superficie esterna, mentre l\u2019interno si raffredda solo lentamente.<br \/>\nIn questo modo si ottiene un vetro con forti tensioni interne, perch\u00e9 con questo brusco raffreddamento, l\u2019interno mette in compressione la superf\u00eccie esterna; questi stati di tensione possono essere visti osservando il vetro in luce polarizzata. Il vetro temprato \u00e8 circa sei volte pi\u00f9 resistente del vetro float, questo perch\u00e9 i difetti superficiali vengono mantenuti chiusi dalle tensioni meccaniche compressive, mentre la parte interna rimane pi\u00f9 libera da difetti che possono dare inizio alle crepe. La sua caratteristica \u00e8 di grande resistenza alla flessione e allo shock termico.<br \/>\nSi deve sottolineare che quando un vetro temprato si rompe, le forze di tensione e di compressione provocano istantaneamente delle crepe in tutte le direzioni, cosicch\u00e9 il vetro si frantuma in tante piccole schegge non taglienti, anzich\u00e9 rompersi in pochi pezzi appuntiti e molto pi\u00f9 pericolosi, come nel caso di un vetro normale. Grazie a questa sua caratteristica, il vetro Temprato \u00e8 considerato un vetro di sicurezza, e quindi pu\u00f2 essere utilizzato anche nella realizzazione di vetrate isolanti di sicurezza per uso residenziale e pubblico come previsto dalle vigenti leggi.<\/p>\n","protected":false},"excerpt":{"rendered":"<p>Si tratta di un vetro ottenuto da una normale lastra float riscaldata ad alta temperatura (640\u00b0C) fino al rammollimento della struttura. Estratto dal forno, viene bruscamente raffreddato con getti di aria fredda ad alta pressione che per\u00f2 producono l\u2019irrigidimento solo della superficie esterna, mentre l\u2019interno si raffredda solo lentamente. In questo modo si ottiene un [&hellip;]<\/p>\n","protected":false},"featured_media":1020,"template":"","meta":{"site-sidebar-layout":"default","site-content-layout":"","ast-site-content-layout":"default","site-content-style":"default","site-sidebar-style":"default","ast-global-header-display":"","ast-banner-title-visibility":"","ast-main-header-display":"","ast-hfb-above-header-display":"","ast-hfb-below-header-display":"","ast-hfb-mobile-header-display":"","site-post-title":"","ast-breadcrumbs-content":"","ast-featured-img":"","footer-sml-layout":"","ast-disable-related-posts":"","theme-transparent-header-meta":"default","adv-header-id-meta":"","stick-header-meta":"","header-above-stick-meta":"","header-main-stick-meta":"","header-below-stick-meta":"","astra-migrate-meta-layouts":"set","ast-page-background-enabled":"default","ast-page-background-meta":{"desktop":{"background-color":"var(--ast-global-color-4)","background-image":"","background-repeat":"repeat","background-position":"center center","background-size":"auto","background-attachment":"scroll","background-type":"","background-media":"","overlay-type":"","overlay-color":"","overlay-opacity":"","overlay-gradient":""},"tablet":{"background-color":"","background-image":"","background-repeat":"repeat","background-position":"center center","background-size":"auto","background-attachment":"scroll","background-type":"","background-media":"","overlay-type":"","overlay-color":"","overlay-opacity":"","overlay-gradient":""},"mobile":{"background-color":"","background-image":"","background-repeat":"repeat","background-position":"center center","background-size":"auto","background-attachment":"scroll","background-type":"","background-media":"","overlay-type":"","overlay-color":"","overlay-opacity":"","overlay-gradient":""}},"ast-content-background-meta":{"desktop":{"background-color":"var(--ast-global-color-5)","background-image":"","background-repeat":"repeat","background-position":"center center","background-size":"auto","background-attachment":"scroll","background-type":"","background-media":"","overlay-type":"","overlay-color":"","overlay-opacity":"","overlay-gradient":""},"tablet":{"background-color":"var(--ast-global-color-5)","background-image":"","background-repeat":"repeat","background-position":"center center","background-size":"auto","background-attachment":"scroll","background-type":"","background-media":"","overlay-type":"","overlay-color":"","overlay-opacity":"","overlay-gradient":""},"mobile":{"background-color":"var(--ast-global-color-5)","background-image":"","background-repeat":"repeat","background-position":"center center","background-size":"auto","background-attachment":"scroll","background-type":"","background-media":"","overlay-type":"","overlay-color":"","overlay-opacity":"","overlay-gradient":""}}},"product_brand":[],"product_cat":[65],"product_tag":[],"class_list":{"0":"post-941","1":"product","2":"type-product","3":"status-publish","4":"has-post-thumbnail","6":"product_cat-vetri","7":"desktop-align-left","8":"tablet-align-left","9":"mobile-align-left","11":"first","12":"instock","13":"sold-individually","14":"shipping-taxable","15":"purchasable","16":"product-type-simple"},"yoast_head":"<!-- This site is optimized with the Yoast SEO plugin v27.3 - https:\/\/yoast.com\/product\/yoast-seo-wordpress\/ -->\n<title>Vetro Temperato - Vetreria Rodi Genova<\/title>\n<meta name=\"description\" content=\"Si tratta di un vetro ottenuto da una normale lastra float riscaldata ad alta temperatura (640\u00b0C) fino al rammollimento della struttura.\" \/>\n<meta name=\"robots\" content=\"index, follow, max-snippet:-1, max-image-preview:large, max-video-preview:-1\" \/>\n<link rel=\"canonical\" href=\"https:\/\/www.vetreriarodi.it\/index.php\/prodotto\/vetro-temperato\/\" \/>\n<meta property=\"og:locale\" content=\"it_IT\" \/>\n<meta property=\"og:type\" content=\"article\" \/>\n<meta property=\"og:title\" content=\"Vetro Temperato - Vetreria Rodi Genova\" \/>\n<meta property=\"og:description\" content=\"Si tratta di un vetro ottenuto da una normale lastra float riscaldata ad alta temperatura (640\u00b0C) fino al rammollimento della struttura.\" \/>\n<meta property=\"og:url\" content=\"https:\/\/www.vetreriarodi.it\/index.php\/prodotto\/vetro-temperato\/\" \/>\n<meta property=\"og:site_name\" content=\"Vetreria Rodi Genova\" \/>\n<meta property=\"article:modified_time\" content=\"2024-09-16T14:37:40+00:00\" \/>\n<meta property=\"og:image\" content=\"https:\/\/www.vetreriarodi.it\/wp-content\/uploads\/2021\/01\/vetro-temperato-new.jpg\" \/>\n\t<meta property=\"og:image:width\" content=\"300\" \/>\n\t<meta property=\"og:image:height\" content=\"300\" \/>\n\t<meta property=\"og:image:type\" content=\"image\/jpeg\" \/>\n<meta name=\"twitter:card\" content=\"summary_large_image\" \/>\n<meta name=\"twitter:label1\" content=\"Tempo di lettura stimato\" \/>\n\t<meta name=\"twitter:data1\" content=\"2 minuti\" \/>\n<script type=\"application\/ld+json\" class=\"yoast-schema-graph\">{\"@context\":\"https:\\\/\\\/schema.org\",\"@graph\":[{\"@type\":\"WebPage\",\"@id\":\"https:\\\/\\\/www.vetreriarodi.it\\\/index.php\\\/prodotto\\\/vetro-temperato\\\/\",\"url\":\"https:\\\/\\\/www.vetreriarodi.it\\\/index.php\\\/prodotto\\\/vetro-temperato\\\/\",\"name\":\"Vetro Temperato - Vetreria Rodi Genova\",\"isPartOf\":{\"@id\":\"https:\\\/\\\/www.vetreriarodi.it\\\/#website\"},\"primaryImageOfPage\":{\"@id\":\"https:\\\/\\\/www.vetreriarodi.it\\\/index.php\\\/prodotto\\\/vetro-temperato\\\/#primaryimage\"},\"image\":{\"@id\":\"https:\\\/\\\/www.vetreriarodi.it\\\/index.php\\\/prodotto\\\/vetro-temperato\\\/#primaryimage\"},\"thumbnailUrl\":\"https:\\\/\\\/www.vetreriarodi.it\\\/wp-content\\\/uploads\\\/2021\\\/01\\\/vetro-temperato-new.jpg\",\"datePublished\":\"2021-01-13T15:39:02+00:00\",\"dateModified\":\"2024-09-16T14:37:40+00:00\",\"description\":\"Si tratta di un vetro ottenuto da una normale lastra float riscaldata ad alta temperatura (640\u00b0C) fino al rammollimento della struttura.\",\"breadcrumb\":{\"@id\":\"https:\\\/\\\/www.vetreriarodi.it\\\/index.php\\\/prodotto\\\/vetro-temperato\\\/#breadcrumb\"},\"inLanguage\":\"it-IT\",\"potentialAction\":[{\"@type\":\"ReadAction\",\"target\":[\"https:\\\/\\\/www.vetreriarodi.it\\\/index.php\\\/prodotto\\\/vetro-temperato\\\/\"]}]},{\"@type\":\"ImageObject\",\"inLanguage\":\"it-IT\",\"@id\":\"https:\\\/\\\/www.vetreriarodi.it\\\/index.php\\\/prodotto\\\/vetro-temperato\\\/#primaryimage\",\"url\":\"https:\\\/\\\/www.vetreriarodi.it\\\/wp-content\\\/uploads\\\/2021\\\/01\\\/vetro-temperato-new.jpg\",\"contentUrl\":\"https:\\\/\\\/www.vetreriarodi.it\\\/wp-content\\\/uploads\\\/2021\\\/01\\\/vetro-temperato-new.jpg\",\"width\":300,\"height\":300},{\"@type\":\"BreadcrumbList\",\"@id\":\"https:\\\/\\\/www.vetreriarodi.it\\\/index.php\\\/prodotto\\\/vetro-temperato\\\/#breadcrumb\",\"itemListElement\":[{\"@type\":\"ListItem\",\"position\":1,\"name\":\"Home\",\"item\":\"https:\\\/\\\/www.vetreriarodi.it\\\/\"},{\"@type\":\"ListItem\",\"position\":2,\"name\":\"Shop\",\"item\":\"https:\\\/\\\/www.vetreriarodi.it\\\/index.php\\\/negozio\\\/\"},{\"@type\":\"ListItem\",\"position\":3,\"name\":\"Vetro Temperato\"}]},{\"@type\":\"WebSite\",\"@id\":\"https:\\\/\\\/www.vetreriarodi.it\\\/#website\",\"url\":\"https:\\\/\\\/www.vetreriarodi.it\\\/\",\"name\":\"Vetreria Rodi Genova\",\"description\":\"Vetri e specchi su misura\",\"publisher\":{\"@id\":\"https:\\\/\\\/www.vetreriarodi.it\\\/#organization\"},\"potentialAction\":[{\"@type\":\"SearchAction\",\"target\":{\"@type\":\"EntryPoint\",\"urlTemplate\":\"https:\\\/\\\/www.vetreriarodi.it\\\/?s={search_term_string}\"},\"query-input\":{\"@type\":\"PropertyValueSpecification\",\"valueRequired\":true,\"valueName\":\"search_term_string\"}}],\"inLanguage\":\"it-IT\"},{\"@type\":\"Organization\",\"@id\":\"https:\\\/\\\/www.vetreriarodi.it\\\/#organization\",\"name\":\"Vetreria Rodi Genova\",\"url\":\"https:\\\/\\\/www.vetreriarodi.it\\\/\",\"logo\":{\"@type\":\"ImageObject\",\"inLanguage\":\"it-IT\",\"@id\":\"https:\\\/\\\/www.vetreriarodi.it\\\/#\\\/schema\\\/logo\\\/image\\\/\",\"url\":\"https:\\\/\\\/www.vetreriarodi.it\\\/wp-content\\\/uploads\\\/2021\\\/11\\\/cropped-vetreriarodi-logo.png\",\"contentUrl\":\"https:\\\/\\\/www.vetreriarodi.it\\\/wp-content\\\/uploads\\\/2021\\\/11\\\/cropped-vetreriarodi-logo.png\",\"width\":340,\"height\":156,\"caption\":\"Vetreria Rodi Genova\"},\"image\":{\"@id\":\"https:\\\/\\\/www.vetreriarodi.it\\\/#\\\/schema\\\/logo\\\/image\\\/\"}}]}<\/script>\n<!-- \/ Yoast SEO plugin. -->","yoast_head_json":{"title":"Vetro Temperato - Vetreria Rodi Genova","description":"Si tratta di un vetro ottenuto da una normale lastra float riscaldata ad alta temperatura (640\u00b0C) fino al rammollimento della struttura.","robots":{"index":"index","follow":"follow","max-snippet":"max-snippet:-1","max-image-preview":"max-image-preview:large","max-video-preview":"max-video-preview:-1"},"canonical":"https:\/\/www.vetreriarodi.it\/index.php\/prodotto\/vetro-temperato\/","og_locale":"it_IT","og_type":"article","og_title":"Vetro Temperato - Vetreria Rodi Genova","og_description":"Si tratta di un vetro ottenuto da una normale lastra float riscaldata ad alta temperatura (640\u00b0C) fino al rammollimento della struttura.","og_url":"https:\/\/www.vetreriarodi.it\/index.php\/prodotto\/vetro-temperato\/","og_site_name":"Vetreria Rodi Genova","article_modified_time":"2024-09-16T14:37:40+00:00","og_image":[{"width":300,"height":300,"url":"https:\/\/www.vetreriarodi.it\/wp-content\/uploads\/2021\/01\/vetro-temperato-new.jpg","type":"image\/jpeg"}],"twitter_card":"summary_large_image","twitter_misc":{"Tempo di lettura stimato":"2 minuti"},"schema":{"@context":"https:\/\/schema.org","@graph":[{"@type":"WebPage","@id":"https:\/\/www.vetreriarodi.it\/index.php\/prodotto\/vetro-temperato\/","url":"https:\/\/www.vetreriarodi.it\/index.php\/prodotto\/vetro-temperato\/","name":"Vetro Temperato - Vetreria Rodi Genova","isPartOf":{"@id":"https:\/\/www.vetreriarodi.it\/#website"},"primaryImageOfPage":{"@id":"https:\/\/www.vetreriarodi.it\/index.php\/prodotto\/vetro-temperato\/#primaryimage"},"image":{"@id":"https:\/\/www.vetreriarodi.it\/index.php\/prodotto\/vetro-temperato\/#primaryimage"},"thumbnailUrl":"https:\/\/www.vetreriarodi.it\/wp-content\/uploads\/2021\/01\/vetro-temperato-new.jpg","datePublished":"2021-01-13T15:39:02+00:00","dateModified":"2024-09-16T14:37:40+00:00","description":"Si tratta di un vetro ottenuto da una normale lastra float riscaldata ad alta temperatura (640\u00b0C) fino al rammollimento della struttura.","breadcrumb":{"@id":"https:\/\/www.vetreriarodi.it\/index.php\/prodotto\/vetro-temperato\/#breadcrumb"},"inLanguage":"it-IT","potentialAction":[{"@type":"ReadAction","target":["https:\/\/www.vetreriarodi.it\/index.php\/prodotto\/vetro-temperato\/"]}]},{"@type":"ImageObject","inLanguage":"it-IT","@id":"https:\/\/www.vetreriarodi.it\/index.php\/prodotto\/vetro-temperato\/#primaryimage","url":"https:\/\/www.vetreriarodi.it\/wp-content\/uploads\/2021\/01\/vetro-temperato-new.jpg","contentUrl":"https:\/\/www.vetreriarodi.it\/wp-content\/uploads\/2021\/01\/vetro-temperato-new.jpg","width":300,"height":300},{"@type":"BreadcrumbList","@id":"https:\/\/www.vetreriarodi.it\/index.php\/prodotto\/vetro-temperato\/#breadcrumb","itemListElement":[{"@type":"ListItem","position":1,"name":"Home","item":"https:\/\/www.vetreriarodi.it\/"},{"@type":"ListItem","position":2,"name":"Shop","item":"https:\/\/www.vetreriarodi.it\/index.php\/negozio\/"},{"@type":"ListItem","position":3,"name":"Vetro Temperato"}]},{"@type":"WebSite","@id":"https:\/\/www.vetreriarodi.it\/#website","url":"https:\/\/www.vetreriarodi.it\/","name":"Vetreria Rodi Genova","description":"Vetri e specchi su misura","publisher":{"@id":"https:\/\/www.vetreriarodi.it\/#organization"},"potentialAction":[{"@type":"SearchAction","target":{"@type":"EntryPoint","urlTemplate":"https:\/\/www.vetreriarodi.it\/?s={search_term_string}"},"query-input":{"@type":"PropertyValueSpecification","valueRequired":true,"valueName":"search_term_string"}}],"inLanguage":"it-IT"},{"@type":"Organization","@id":"https:\/\/www.vetreriarodi.it\/#organization","name":"Vetreria Rodi Genova","url":"https:\/\/www.vetreriarodi.it\/","logo":{"@type":"ImageObject","inLanguage":"it-IT","@id":"https:\/\/www.vetreriarodi.it\/#\/schema\/logo\/image\/","url":"https:\/\/www.vetreriarodi.it\/wp-content\/uploads\/2021\/11\/cropped-vetreriarodi-logo.png","contentUrl":"https:\/\/www.vetreriarodi.it\/wp-content\/uploads\/2021\/11\/cropped-vetreriarodi-logo.png","width":340,"height":156,"caption":"Vetreria Rodi Genova"},"image":{"@id":"https:\/\/www.vetreriarodi.it\/#\/schema\/logo\/image\/"}}]}},"_links":{"self":[{"href":"https:\/\/www.vetreriarodi.it\/index.php\/wp-json\/wp\/v2\/product\/941","targetHints":{"allow":["GET"]}}],"collection":[{"href":"https:\/\/www.vetreriarodi.it\/index.php\/wp-json\/wp\/v2\/product"}],"about":[{"href":"https:\/\/www.vetreriarodi.it\/index.php\/wp-json\/wp\/v2\/types\/product"}],"wp:featuredmedia":[{"embeddable":true,"href":"https:\/\/www.vetreriarodi.it\/index.php\/wp-json\/wp\/v2\/media\/1020"}],"wp:attachment":[{"href":"https:\/\/www.vetreriarodi.it\/index.php\/wp-json\/wp\/v2\/media?parent=941"}],"wp:term":[{"taxonomy":"product_brand","embeddable":true,"href":"https:\/\/www.vetreriarodi.it\/index.php\/wp-json\/wp\/v2\/product_brand?post=941"},{"taxonomy":"product_cat","embeddable":true,"href":"https:\/\/www.vetreriarodi.it\/index.php\/wp-json\/wp\/v2\/product_cat?post=941"},{"taxonomy":"product_tag","embeddable":true,"href":"https:\/\/www.vetreriarodi.it\/index.php\/wp-json\/wp\/v2\/product_tag?post=941"}],"curies":[{"name":"wp","href":"https:\/\/api.w.org\/{rel}","templated":true}]}}