{"id":5670,"date":"2024-10-24T14:10:27","date_gmt":"2024-10-24T14:10:27","guid":{"rendered":"https:\/\/www.vetreriarodi.it\/?page_id=5670"},"modified":"2024-10-24T14:11:55","modified_gmt":"2024-10-24T14:11:55","slug":"progetto","status":"publish","type":"page","link":"https:\/\/www.vetreriarodi.it\/index.php\/progetto\/","title":{"rendered":"P.R. FESR LIGURIA 2021-2027"},"content":{"rendered":"<p>Azione 1.2.3 \u201cSostenere l\u2019introduzione di pratiche e tecnologie digitali nelle imprese\u201d<br \/>\n\u201cSupporto allo sviluppo di progetti di digitalizzazione nelle micro, piccole e medie imprese\u201d<\/p>\n<p>&nbsp;<\/p>\n<p><strong>Descrizione dell\u2019intervento realizzato in termini di dotazioni hardware e dispositivi accessori, software, brevetti, licenze, servizi tecnologici e\/o sistemi digitali, servizi specialistici:<\/strong><br \/>\nL&#8217;intervento realizzato ha previsto l&#8217;implementazione di Google Tag Manager per una gestione centralizzata e pi\u00f9 efficiente dei tag di tracciamento, permettendo di monitorare in modo dettagliato le interazioni degli utenti sul sito web di Vetreria Rodi Genco. Parallelamente, \u00e8 stata condotta un&#8217;ottimizzazione del sito tramite strategie SEO, volte a migliorare il posizionamento organico sui motori di ricerca. Sono state inoltre avviate campagne pubblicitarie mirate su Google Ads, con l&#8217;obiettivo di massimizzare il ritorno sull&#8217;investimento.<\/p>\n<p><strong>Definizione degli obiettivi del progetto realizzato:<\/strong><br \/>\nIl progetto ha avuto come obiettivo principale l&#8217;incremento della visibilit\u00e0 online di Vetreria Rodi Genco, migliorando il suo posizionamento nei motori di ricerca e attirando un pubblico pi\u00f9 vasto. Attraverso l&#8217;uso di campagne Google Ads mirate e l&#8217;ottimizzazione SEO del sito, si \u00e8 puntato a generare pi\u00f9 traffico e lead, aumentando cos\u00ec le opportunit\u00e0 di business. Inoltre, l&#8217;implementazione di Google Tag Manager ha permesso un monitoraggio pi\u00f9 efficace delle interazioni utente, migliorando la gestione delle pubblicit\u00e0 online e rendendola mirata al cliente finale.<\/p>\n<p><strong>Miglioramento dell&#8217;efficienza e dell&#8217;organizzazione del lavoro:<\/strong><br \/>\nIl progetto ha migliorato l&#8217;efficienza e l&#8217;organizzazione del lavoro di Vetreria Rodi Genco riducendo la dipendenza dal marketing tradizionale, grazie a una maggiore visibilit\u00e0 online e alla generazione di lead qualificati. L&#8217;uso di Google Tag Manager ha automatizzato il tracciamento delle interazioni sul sito, mentre l&#8217;ottimizzazione SEO delle singole pagine del sito web unito alle campagne Google Ads ottimizzate hanno aumentato il traffico e il numero dei clienti interessati ai prodotti della nostra azienda.<\/p>\n<p><strong>Innovativit\u00e0 delle tecnologie digitali introdotte per effetto del progetto realizzato:<\/strong><br \/>\nIl progetto ha introdotto tecnologie digitali innovative per Vetreria Rodi Genco, tra cui l&#8217;uso avanzato di Google Ads per campagne pubblicitarie mirate, ottimizzando il budget e massimizzando il ritorno sull&#8217;investimento. L&#8217;implementazione di Google Tag Manager ha centralizzato la gestione dei tag e migliorato il tracciamento delle interazioni utente sul sito, offrendo dati preziosi per ottimizzare le strategie di marketing. L&#8217;ottimizzazione SEO delle pagine web ha migliorato il posizionamento organico del sito.<br \/>\nCapacit\u00e0 del progetto di rafforzare la posizione dell&#8217;impresa nel mercato o di favorire il suo ingresso in nuovi mercati:<br \/>\nIl progetto ha rafforzato la posizione di Vetreria Rodi Genco nel mercato locale e ha ampliato la sua capacit\u00e0 di attrarre clienti a livello regionale e non solo, grazie a una strategia di marketing digitale mirata. Le campagne su Google Ads insieme a Google Tag Manager hanno permesso di raggiungere un pubblico specifico e interessato, incrementando il numero di lead qualificati e consolidando ulteriormente la reputazione dell&#8217;azienda nel settore vetrario. L&#8217;ottimizzazione SEO ha migliorato il posizionamento organico del sito, rendendolo pi\u00f9 visibile e competitivo rispetto alla concorrenza.<\/p>\n<p><strong>Sostenibilit\u00e0 ed economicit\u00e0 del progetto:<\/strong><br \/>\nIl progetto \u00e8 stato strutturato per garantire sostenibilit\u00e0 ed economicit\u00e0 a lungo termine. L&#8217;uso di strategie digitali come Google Ads e SEO ha permesso di raggiungere un pubblico mirato a costi inferiori rispetto al marketing tradizionale, massimizzando il ritorno sull&#8217;investimento. La centralizzazione del tracciamento con Google Tag Manager ha ottimizzato i processi, riducendo sprechi di tempo e risorse. Grazie a una gestione prudente del budget e a interventi mirati, il progetto ha generato risultati tangibili senza sprechi, assicurando un&#8217;efficace gestione delle risorse disponibili.<\/p>\n","protected":false},"excerpt":{"rendered":"<p>Azione 1.2.3 \u201cSostenere l\u2019introduzione di pratiche e tecnologie digitali nelle imprese\u201d \u201cSupporto allo sviluppo di progetti di digitalizzazione nelle micro, piccole e medie imprese\u201d &nbsp; Descrizione dell\u2019intervento realizzato in termini di dotazioni hardware e dispositivi accessori, software, brevetti, licenze, servizi tecnologici e\/o sistemi digitali, servizi specialistici: L&#8217;intervento realizzato ha previsto l&#8217;implementazione di Google Tag Manager [&hellip;]<\/p>\n","protected":false},"author":1,"featured_media":0,"parent":0,"menu_order":0,"comment_status":"closed","ping_status":"closed","template":"","meta":{"site-sidebar-layout":"default","site-content-layout":"","ast-site-content-layout":"default","site-content-style":"default","site-sidebar-style":"default","ast-global-header-display":"","ast-banner-title-visibility":"","ast-main-header-display":"","ast-hfb-above-header-display":"","ast-hfb-below-header-display":"","ast-hfb-mobile-header-display":"","site-post-title":"","ast-breadcrumbs-content":"","ast-featured-img":"","footer-sml-layout":"","ast-disable-related-posts":"","theme-transparent-header-meta":"default","adv-header-id-meta":"","stick-header-meta":"","header-above-stick-meta":"","header-main-stick-meta":"","header-below-stick-meta":"","astra-migrate-meta-layouts":"set","ast-page-background-enabled":"default","ast-page-background-meta":{"desktop":{"background-color":"var(--ast-global-color-4)","background-image":"","background-repeat":"repeat","background-position":"center center","background-size":"auto","background-attachment":"scroll","background-type":"","background-media":"","overlay-type":"","overlay-color":"","overlay-opacity":"","overlay-gradient":""},"tablet":{"background-color":"","background-image":"","background-repeat":"repeat","background-position":"center center","background-size":"auto","background-attachment":"scroll","background-type":"","background-media":"","overlay-type":"","overlay-color":"","overlay-opacity":"","overlay-gradient":""},"mobile":{"background-color":"","background-image":"","background-repeat":"repeat","background-position":"center center","background-size":"auto","background-attachment":"scroll","background-type":"","background-media":"","overlay-type":"","overlay-color":"","overlay-opacity":"","overlay-gradient":""}},"ast-content-background-meta":{"desktop":{"background-color":"var(--ast-global-color-5)","background-image":"","background-repeat":"repeat","background-position":"center center","background-size":"auto","background-attachment":"scroll","background-type":"","background-media":"","overlay-type":"","overlay-color":"","overlay-opacity":"","overlay-gradient":""},"tablet":{"background-color":"var(--ast-global-color-5)","background-image":"","background-repeat":"repeat","background-position":"center center","background-size":"auto","background-attachment":"scroll","background-type":"","background-media":"","overlay-type":"","overlay-color":"","overlay-opacity":"","overlay-gradient":""},"mobile":{"background-color":"var(--ast-global-color-5)","background-image":"","background-repeat":"repeat","background-position":"center center","background-size":"auto","background-attachment":"scroll","background-type":"","background-media":"","overlay-type":"","overlay-color":"","overlay-opacity":"","overlay-gradient":""}},"footnotes":""},"class_list":["post-5670","page","type-page","status-publish","hentry"],"yoast_head":"<!-- This site is optimized with the Yoast SEO plugin v27.3 - https:\/\/yoast.com\/product\/yoast-seo-wordpress\/ -->\n<title>P.R. FESR LIGURIA 2021-2027 - Vetreria Rodi Genova<\/title>\n<meta name=\"robots\" content=\"index, follow, max-snippet:-1, max-image-preview:large, max-video-preview:-1\" \/>\n<link rel=\"canonical\" href=\"https:\/\/www.vetreriarodi.it\/index.php\/progetto\/\" \/>\n<meta property=\"og:locale\" content=\"it_IT\" \/>\n<meta property=\"og:type\" content=\"article\" \/>\n<meta property=\"og:title\" content=\"P.R. FESR LIGURIA 2021-2027 - Vetreria Rodi Genova\" \/>\n<meta property=\"og:description\" content=\"Azione 1.2.3 \u201cSostenere l\u2019introduzione di pratiche e tecnologie digitali nelle imprese\u201d \u201cSupporto allo sviluppo di progetti di digitalizzazione nelle micro, piccole e medie imprese\u201d &nbsp; Descrizione dell\u2019intervento realizzato in termini di dotazioni hardware e dispositivi accessori, software, brevetti, licenze, servizi tecnologici e\/o sistemi digitali, servizi specialistici: L&#8217;intervento realizzato ha previsto l&#8217;implementazione di Google Tag Manager [&hellip;]\" \/>\n<meta property=\"og:url\" content=\"https:\/\/www.vetreriarodi.it\/index.php\/progetto\/\" \/>\n<meta property=\"og:site_name\" content=\"Vetreria Rodi Genova\" \/>\n<meta property=\"article:modified_time\" content=\"2024-10-24T14:11:55+00:00\" \/>\n<meta name=\"twitter:card\" content=\"summary_large_image\" \/>\n<meta name=\"twitter:label1\" content=\"Tempo di lettura stimato\" \/>\n\t<meta name=\"twitter:data1\" content=\"3 minuti\" \/>\n<script type=\"application\/ld+json\" class=\"yoast-schema-graph\">{\"@context\":\"https:\\\/\\\/schema.org\",\"@graph\":[{\"@type\":\"WebPage\",\"@id\":\"https:\\\/\\\/www.vetreriarodi.it\\\/index.php\\\/progetto\\\/\",\"url\":\"https:\\\/\\\/www.vetreriarodi.it\\\/index.php\\\/progetto\\\/\",\"name\":\"P.R. FESR LIGURIA 2021-2027 - Vetreria Rodi Genova\",\"isPartOf\":{\"@id\":\"https:\\\/\\\/www.vetreriarodi.it\\\/#website\"},\"datePublished\":\"2024-10-24T14:10:27+00:00\",\"dateModified\":\"2024-10-24T14:11:55+00:00\",\"breadcrumb\":{\"@id\":\"https:\\\/\\\/www.vetreriarodi.it\\\/index.php\\\/progetto\\\/#breadcrumb\"},\"inLanguage\":\"it-IT\",\"potentialAction\":[{\"@type\":\"ReadAction\",\"target\":[\"https:\\\/\\\/www.vetreriarodi.it\\\/index.php\\\/progetto\\\/\"]}]},{\"@type\":\"BreadcrumbList\",\"@id\":\"https:\\\/\\\/www.vetreriarodi.it\\\/index.php\\\/progetto\\\/#breadcrumb\",\"itemListElement\":[{\"@type\":\"ListItem\",\"position\":1,\"name\":\"Home\",\"item\":\"https:\\\/\\\/www.vetreriarodi.it\\\/\"},{\"@type\":\"ListItem\",\"position\":2,\"name\":\"P.R. FESR LIGURIA 2021-2027\"}]},{\"@type\":\"WebSite\",\"@id\":\"https:\\\/\\\/www.vetreriarodi.it\\\/#website\",\"url\":\"https:\\\/\\\/www.vetreriarodi.it\\\/\",\"name\":\"Vetreria Rodi Genova\",\"description\":\"Vetri e specchi su misura\",\"publisher\":{\"@id\":\"https:\\\/\\\/www.vetreriarodi.it\\\/#organization\"},\"potentialAction\":[{\"@type\":\"SearchAction\",\"target\":{\"@type\":\"EntryPoint\",\"urlTemplate\":\"https:\\\/\\\/www.vetreriarodi.it\\\/?s={search_term_string}\"},\"query-input\":{\"@type\":\"PropertyValueSpecification\",\"valueRequired\":true,\"valueName\":\"search_term_string\"}}],\"inLanguage\":\"it-IT\"},{\"@type\":\"Organization\",\"@id\":\"https:\\\/\\\/www.vetreriarodi.it\\\/#organization\",\"name\":\"Vetreria Rodi Genova\",\"url\":\"https:\\\/\\\/www.vetreriarodi.it\\\/\",\"logo\":{\"@type\":\"ImageObject\",\"inLanguage\":\"it-IT\",\"@id\":\"https:\\\/\\\/www.vetreriarodi.it\\\/#\\\/schema\\\/logo\\\/image\\\/\",\"url\":\"https:\\\/\\\/www.vetreriarodi.it\\\/wp-content\\\/uploads\\\/2021\\\/11\\\/cropped-vetreriarodi-logo.png\",\"contentUrl\":\"https:\\\/\\\/www.vetreriarodi.it\\\/wp-content\\\/uploads\\\/2021\\\/11\\\/cropped-vetreriarodi-logo.png\",\"width\":340,\"height\":156,\"caption\":\"Vetreria Rodi Genova\"},\"image\":{\"@id\":\"https:\\\/\\\/www.vetreriarodi.it\\\/#\\\/schema\\\/logo\\\/image\\\/\"}}]}<\/script>\n<!-- \/ Yoast SEO plugin. -->","yoast_head_json":{"title":"P.R. FESR LIGURIA 2021-2027 - Vetreria Rodi Genova","robots":{"index":"index","follow":"follow","max-snippet":"max-snippet:-1","max-image-preview":"max-image-preview:large","max-video-preview":"max-video-preview:-1"},"canonical":"https:\/\/www.vetreriarodi.it\/index.php\/progetto\/","og_locale":"it_IT","og_type":"article","og_title":"P.R. FESR LIGURIA 2021-2027 - Vetreria Rodi Genova","og_description":"Azione 1.2.3 \u201cSostenere l\u2019introduzione di pratiche e tecnologie digitali nelle imprese\u201d \u201cSupporto allo sviluppo di progetti di digitalizzazione nelle micro, piccole e medie imprese\u201d &nbsp; Descrizione dell\u2019intervento realizzato in termini di dotazioni hardware e dispositivi accessori, software, brevetti, licenze, servizi tecnologici e\/o sistemi digitali, servizi specialistici: L&#8217;intervento realizzato ha previsto l&#8217;implementazione di Google Tag Manager [&hellip;]","og_url":"https:\/\/www.vetreriarodi.it\/index.php\/progetto\/","og_site_name":"Vetreria Rodi Genova","article_modified_time":"2024-10-24T14:11:55+00:00","twitter_card":"summary_large_image","twitter_misc":{"Tempo di lettura stimato":"3 minuti"},"schema":{"@context":"https:\/\/schema.org","@graph":[{"@type":"WebPage","@id":"https:\/\/www.vetreriarodi.it\/index.php\/progetto\/","url":"https:\/\/www.vetreriarodi.it\/index.php\/progetto\/","name":"P.R. FESR LIGURIA 2021-2027 - Vetreria Rodi Genova","isPartOf":{"@id":"https:\/\/www.vetreriarodi.it\/#website"},"datePublished":"2024-10-24T14:10:27+00:00","dateModified":"2024-10-24T14:11:55+00:00","breadcrumb":{"@id":"https:\/\/www.vetreriarodi.it\/index.php\/progetto\/#breadcrumb"},"inLanguage":"it-IT","potentialAction":[{"@type":"ReadAction","target":["https:\/\/www.vetreriarodi.it\/index.php\/progetto\/"]}]},{"@type":"BreadcrumbList","@id":"https:\/\/www.vetreriarodi.it\/index.php\/progetto\/#breadcrumb","itemListElement":[{"@type":"ListItem","position":1,"name":"Home","item":"https:\/\/www.vetreriarodi.it\/"},{"@type":"ListItem","position":2,"name":"P.R. FESR LIGURIA 2021-2027"}]},{"@type":"WebSite","@id":"https:\/\/www.vetreriarodi.it\/#website","url":"https:\/\/www.vetreriarodi.it\/","name":"Vetreria Rodi Genova","description":"Vetri e specchi su misura","publisher":{"@id":"https:\/\/www.vetreriarodi.it\/#organization"},"potentialAction":[{"@type":"SearchAction","target":{"@type":"EntryPoint","urlTemplate":"https:\/\/www.vetreriarodi.it\/?s={search_term_string}"},"query-input":{"@type":"PropertyValueSpecification","valueRequired":true,"valueName":"search_term_string"}}],"inLanguage":"it-IT"},{"@type":"Organization","@id":"https:\/\/www.vetreriarodi.it\/#organization","name":"Vetreria Rodi Genova","url":"https:\/\/www.vetreriarodi.it\/","logo":{"@type":"ImageObject","inLanguage":"it-IT","@id":"https:\/\/www.vetreriarodi.it\/#\/schema\/logo\/image\/","url":"https:\/\/www.vetreriarodi.it\/wp-content\/uploads\/2021\/11\/cropped-vetreriarodi-logo.png","contentUrl":"https:\/\/www.vetreriarodi.it\/wp-content\/uploads\/2021\/11\/cropped-vetreriarodi-logo.png","width":340,"height":156,"caption":"Vetreria Rodi Genova"},"image":{"@id":"https:\/\/www.vetreriarodi.it\/#\/schema\/logo\/image\/"}}]}},"_links":{"self":[{"href":"https:\/\/www.vetreriarodi.it\/index.php\/wp-json\/wp\/v2\/pages\/5670","targetHints":{"allow":["GET"]}}],"collection":[{"href":"https:\/\/www.vetreriarodi.it\/index.php\/wp-json\/wp\/v2\/pages"}],"about":[{"href":"https:\/\/www.vetreriarodi.it\/index.php\/wp-json\/wp\/v2\/types\/page"}],"author":[{"embeddable":true,"href":"https:\/\/www.vetreriarodi.it\/index.php\/wp-json\/wp\/v2\/users\/1"}],"replies":[{"embeddable":true,"href":"https:\/\/www.vetreriarodi.it\/index.php\/wp-json\/wp\/v2\/comments?post=5670"}],"version-history":[{"count":0,"href":"https:\/\/www.vetreriarodi.it\/index.php\/wp-json\/wp\/v2\/pages\/5670\/revisions"}],"wp:attachment":[{"href":"https:\/\/www.vetreriarodi.it\/index.php\/wp-json\/wp\/v2\/media?parent=5670"}],"curies":[{"name":"wp","href":"https:\/\/api.w.org\/{rel}","templated":true}]}}