{"id":4560,"date":"2021-10-25T14:28:15","date_gmt":"2021-10-25T14:28:15","guid":{"rendered":"https:\/\/www.vetreriarodi.it\/?page_id=4560"},"modified":"2024-09-16T09:01:33","modified_gmt":"2024-09-16T09:01:33","slug":"vetro-termico","status":"publish","type":"page","link":"https:\/\/www.vetreriarodi.it\/index.php\/prodotti\/vetro-termico\/","title":{"rendered":"Vetro termico"},"content":{"rendered":"\t\t<div data-elementor-type=\"wp-post\" data-elementor-id=\"4560\" class=\"elementor elementor-4560\">\n\t\t\t\t\t\t<section class=\"elementor-section elementor-top-section elementor-element elementor-element-a3b400a elementor-section-full_width elementor-section-height-default elementor-section-height-default\" data-id=\"a3b400a\" data-element_type=\"section\" data-e-type=\"section\" data-settings=\"{&quot;background_background&quot;:&quot;classic&quot;}\">\n\t\t\t\t\t\t\t<div class=\"elementor-background-overlay\"><\/div>\n\t\t\t\t\t\t\t<div class=\"elementor-container elementor-column-gap-no\">\n\t\t\t\t\t<div class=\"elementor-column elementor-col-100 elementor-top-column elementor-element elementor-element-89b5f63\" data-id=\"89b5f63\" data-element_type=\"column\" data-e-type=\"column\">\n\t\t\t<div class=\"elementor-widget-wrap elementor-element-populated\">\n\t\t\t\t\t\t<section class=\"elementor-section elementor-inner-section elementor-element elementor-element-9726c46 elementor-section-boxed elementor-section-height-default elementor-section-height-default\" data-id=\"9726c46\" data-element_type=\"section\" data-e-type=\"section\">\n\t\t\t\t\t\t<div class=\"elementor-container elementor-column-gap-default\">\n\t\t\t\t\t<div class=\"elementor-column elementor-col-100 elementor-inner-column elementor-element elementor-element-0d2f8ef\" data-id=\"0d2f8ef\" data-element_type=\"column\" data-e-type=\"column\">\n\t\t\t<div class=\"elementor-widget-wrap elementor-element-populated\">\n\t\t\t\t\t\t<div class=\"elementor-element elementor-element-fdbfbfe elementor-widget elementor-widget-spacer\" data-id=\"fdbfbfe\" data-element_type=\"widget\" data-e-type=\"widget\" data-widget_type=\"spacer.default\">\n\t\t\t\t<div class=\"elementor-widget-container\">\n\t\t\t\t\t\t\t<div class=\"elementor-spacer\">\n\t\t\t<div class=\"elementor-spacer-inner\"><\/div>\n\t\t<\/div>\n\t\t\t\t\t\t<\/div>\n\t\t\t\t<\/div>\n\t\t\t\t\t<\/div>\n\t\t<\/div>\n\t\t\t\t\t<\/div>\n\t\t<\/section>\n\t\t\t\t<section class=\"elementor-section elementor-inner-section elementor-element elementor-element-1276e4f elementor-section-full_width elementor-section-height-default elementor-section-height-default\" data-id=\"1276e4f\" data-element_type=\"section\" data-e-type=\"section\">\n\t\t\t\t\t\t<div class=\"elementor-container elementor-column-gap-default\">\n\t\t\t\t\t<div class=\"elementor-column elementor-col-100 elementor-inner-column elementor-element elementor-element-400644e\" data-id=\"400644e\" data-element_type=\"column\" data-e-type=\"column\" data-settings=\"{&quot;background_background&quot;:&quot;classic&quot;}\">\n\t\t\t<div class=\"elementor-widget-wrap elementor-element-populated\">\n\t\t\t\t\t\t<div class=\"elementor-element elementor-element-0e99098 elementor-widget elementor-widget-spacer\" data-id=\"0e99098\" data-element_type=\"widget\" data-e-type=\"widget\" data-widget_type=\"spacer.default\">\n\t\t\t\t<div class=\"elementor-widget-container\">\n\t\t\t\t\t\t\t<div class=\"elementor-spacer\">\n\t\t\t<div class=\"elementor-spacer-inner\"><\/div>\n\t\t<\/div>\n\t\t\t\t\t\t<\/div>\n\t\t\t\t<\/div>\n\t\t\t\t<div class=\"elementor-element elementor-element-c72bbd2 elementor-widget elementor-widget-image-carousel\" data-id=\"c72bbd2\" data-element_type=\"widget\" data-e-type=\"widget\" data-settings=\"{&quot;slides_to_show&quot;:&quot;4&quot;,&quot;navigation&quot;:&quot;none&quot;,&quot;image_spacing_custom&quot;:{&quot;unit&quot;:&quot;px&quot;,&quot;size&quot;:50,&quot;sizes&quot;:[]},&quot;pause_on_hover&quot;:&quot;no&quot;,&quot;autoplay_speed&quot;:2000,&quot;speed&quot;:2000,&quot;autoplay&quot;:&quot;yes&quot;,&quot;pause_on_interaction&quot;:&quot;yes&quot;,&quot;infinite&quot;:&quot;yes&quot;,&quot;image_spacing_custom_tablet&quot;:{&quot;unit&quot;:&quot;px&quot;,&quot;size&quot;:&quot;&quot;,&quot;sizes&quot;:[]},&quot;image_spacing_custom_mobile&quot;:{&quot;unit&quot;:&quot;px&quot;,&quot;size&quot;:&quot;&quot;,&quot;sizes&quot;:[]}}\" data-widget_type=\"image-carousel.default\">\n\t\t\t\t<div class=\"elementor-widget-container\">\n\t\t\t\t\t\t\t<div class=\"elementor-image-carousel-wrapper swiper\" role=\"region\" aria-roledescription=\"carousel\" aria-label=\"Carosello d&#039;immagini\" dir=\"ltr\">\n\t\t\t<div class=\"elementor-image-carousel swiper-wrapper swiper-image-stretch\" aria-live=\"off\">\n\t\t\t\t\t\t\t\t<div class=\"swiper-slide\" role=\"group\" aria-roledescription=\"slide\" aria-label=\"1 di 7\"><a data-elementor-open-lightbox=\"yes\" data-elementor-lightbox-slideshow=\"c72bbd2\" data-elementor-lightbox-title=\"vetro-termico-1\" data-e-action-hash=\"#elementor-action%3Aaction%3Dlightbox%26settings%3DeyJpZCI6NDY5NCwidXJsIjoiaHR0cHM6XC9cL3d3dy52ZXRyZXJpYXJvZGkuaXRcL3dwLWNvbnRlbnRcL3VwbG9hZHNcLzIwMjFcLzExXC92ZXRyby10ZXJtaWNvLTEtc2NhbGVkLmpwZyIsInNsaWRlc2hvdyI6ImM3MmJiZDIifQ%3D%3D\" href=\"https:\/\/www.vetreriarodi.it\/wp-content\/uploads\/2021\/11\/vetro-termico-1-scaled.jpg\"><figure class=\"swiper-slide-inner\"><img decoding=\"async\" class=\"swiper-slide-image\" src=\"https:\/\/www.vetreriarodi.it\/wp-content\/uploads\/2021\/11\/vetro-termico-1-300x300.jpg\" alt=\"vetro-termico-1\" \/><\/figure><\/a><\/div><div class=\"swiper-slide\" role=\"group\" aria-roledescription=\"slide\" aria-label=\"2 di 7\"><a data-elementor-open-lightbox=\"yes\" data-elementor-lightbox-slideshow=\"c72bbd2\" data-elementor-lightbox-title=\"vetro-termico-2\" data-e-action-hash=\"#elementor-action%3Aaction%3Dlightbox%26settings%3DeyJpZCI6NDY5NSwidXJsIjoiaHR0cHM6XC9cL3d3dy52ZXRyZXJpYXJvZGkuaXRcL3dwLWNvbnRlbnRcL3VwbG9hZHNcLzIwMjFcLzExXC92ZXRyby10ZXJtaWNvLTItc2NhbGVkLmpwZyIsInNsaWRlc2hvdyI6ImM3MmJiZDIifQ%3D%3D\" href=\"https:\/\/www.vetreriarodi.it\/wp-content\/uploads\/2021\/11\/vetro-termico-2-scaled.jpg\"><figure class=\"swiper-slide-inner\"><img decoding=\"async\" class=\"swiper-slide-image\" src=\"https:\/\/www.vetreriarodi.it\/wp-content\/uploads\/2021\/11\/vetro-termico-2-300x300.jpg\" alt=\"vetro-termico-2\" \/><\/figure><\/a><\/div><div class=\"swiper-slide\" role=\"group\" aria-roledescription=\"slide\" aria-label=\"3 di 7\"><a data-elementor-open-lightbox=\"yes\" data-elementor-lightbox-slideshow=\"c72bbd2\" data-elementor-lightbox-title=\"vetro-termico-3\" data-e-action-hash=\"#elementor-action%3Aaction%3Dlightbox%26settings%3DeyJpZCI6NDY5NiwidXJsIjoiaHR0cHM6XC9cL3d3dy52ZXRyZXJpYXJvZGkuaXRcL3dwLWNvbnRlbnRcL3VwbG9hZHNcLzIwMjFcLzExXC92ZXRyby10ZXJtaWNvLTMtc2NhbGVkLmpwZyIsInNsaWRlc2hvdyI6ImM3MmJiZDIifQ%3D%3D\" href=\"https:\/\/www.vetreriarodi.it\/wp-content\/uploads\/2021\/11\/vetro-termico-3-scaled.jpg\"><figure class=\"swiper-slide-inner\"><img decoding=\"async\" class=\"swiper-slide-image\" src=\"https:\/\/www.vetreriarodi.it\/wp-content\/uploads\/2021\/11\/vetro-termico-3-300x300.jpg\" alt=\"vetro-termico-3\" \/><\/figure><\/a><\/div><div class=\"swiper-slide\" role=\"group\" aria-roledescription=\"slide\" aria-label=\"4 di 7\"><a data-elementor-open-lightbox=\"yes\" data-elementor-lightbox-slideshow=\"c72bbd2\" data-elementor-lightbox-title=\"vetro-termico-4\" data-e-action-hash=\"#elementor-action%3Aaction%3Dlightbox%26settings%3DeyJpZCI6NDY5NywidXJsIjoiaHR0cHM6XC9cL3d3dy52ZXRyZXJpYXJvZGkuaXRcL3dwLWNvbnRlbnRcL3VwbG9hZHNcLzIwMjFcLzExXC92ZXRyby10ZXJtaWNvLTQtc2NhbGVkLmpwZyIsInNsaWRlc2hvdyI6ImM3MmJiZDIifQ%3D%3D\" href=\"https:\/\/www.vetreriarodi.it\/wp-content\/uploads\/2021\/11\/vetro-termico-4-scaled.jpg\"><figure class=\"swiper-slide-inner\"><img decoding=\"async\" class=\"swiper-slide-image\" src=\"https:\/\/www.vetreriarodi.it\/wp-content\/uploads\/2021\/11\/vetro-termico-4-300x300.jpg\" alt=\"vetro-termico-4\" \/><\/figure><\/a><\/div><div class=\"swiper-slide\" role=\"group\" aria-roledescription=\"slide\" aria-label=\"5 di 7\"><a data-elementor-open-lightbox=\"yes\" data-elementor-lightbox-slideshow=\"c72bbd2\" data-elementor-lightbox-title=\"vetro-termico-5\" data-e-action-hash=\"#elementor-action%3Aaction%3Dlightbox%26settings%3DeyJpZCI6NDY5OCwidXJsIjoiaHR0cHM6XC9cL3d3dy52ZXRyZXJpYXJvZGkuaXRcL3dwLWNvbnRlbnRcL3VwbG9hZHNcLzIwMjFcLzExXC92ZXRyby10ZXJtaWNvLTUuanBnIiwic2xpZGVzaG93IjoiYzcyYmJkMiJ9\" href=\"https:\/\/www.vetreriarodi.it\/wp-content\/uploads\/2021\/11\/vetro-termico-5.jpg\"><figure class=\"swiper-slide-inner\"><img decoding=\"async\" class=\"swiper-slide-image\" src=\"https:\/\/www.vetreriarodi.it\/wp-content\/uploads\/2021\/11\/vetro-termico-5-300x300.jpg\" alt=\"vetro-termico-5\" \/><\/figure><\/a><\/div><div class=\"swiper-slide\" role=\"group\" aria-roledescription=\"slide\" aria-label=\"6 di 7\"><a data-elementor-open-lightbox=\"yes\" data-elementor-lightbox-slideshow=\"c72bbd2\" data-elementor-lightbox-title=\"vetro-termico-6\" data-e-action-hash=\"#elementor-action%3Aaction%3Dlightbox%26settings%3DeyJpZCI6NDY5OSwidXJsIjoiaHR0cHM6XC9cL3d3dy52ZXRyZXJpYXJvZGkuaXRcL3dwLWNvbnRlbnRcL3VwbG9hZHNcLzIwMjFcLzExXC92ZXRyby10ZXJtaWNvLTYuanBnIiwic2xpZGVzaG93IjoiYzcyYmJkMiJ9\" href=\"https:\/\/www.vetreriarodi.it\/wp-content\/uploads\/2021\/11\/vetro-termico-6.jpg\"><figure class=\"swiper-slide-inner\"><img decoding=\"async\" class=\"swiper-slide-image\" src=\"https:\/\/www.vetreriarodi.it\/wp-content\/uploads\/2021\/11\/vetro-termico-6-300x300.jpg\" alt=\"vetro-termico-6\" \/><\/figure><\/a><\/div><div class=\"swiper-slide\" role=\"group\" aria-roledescription=\"slide\" aria-label=\"7 di 7\"><a data-elementor-open-lightbox=\"yes\" data-elementor-lightbox-slideshow=\"c72bbd2\" data-elementor-lightbox-title=\"vetro-termico-7\" data-e-action-hash=\"#elementor-action%3Aaction%3Dlightbox%26settings%3DeyJpZCI6NDcwMCwidXJsIjoiaHR0cHM6XC9cL3d3dy52ZXRyZXJpYXJvZGkuaXRcL3dwLWNvbnRlbnRcL3VwbG9hZHNcLzIwMjFcLzExXC92ZXRyby10ZXJtaWNvLTctc2NhbGVkLmpwZyIsInNsaWRlc2hvdyI6ImM3MmJiZDIifQ%3D%3D\" href=\"https:\/\/www.vetreriarodi.it\/wp-content\/uploads\/2021\/11\/vetro-termico-7-scaled.jpg\"><figure class=\"swiper-slide-inner\"><img decoding=\"async\" class=\"swiper-slide-image\" src=\"https:\/\/www.vetreriarodi.it\/wp-content\/uploads\/2021\/11\/vetro-termico-7-300x300.jpg\" alt=\"vetro-termico-7\" \/><\/figure><\/a><\/div>\t\t\t<\/div>\n\t\t\t\t\t\t\t\n\t\t\t\t\t\t\t\t\t<\/div>\n\t\t\t\t\t\t<\/div>\n\t\t\t\t<\/div>\n\t\t\t\t<div class=\"elementor-element elementor-element-bb12744 elementor-widget elementor-widget-spacer\" data-id=\"bb12744\" data-element_type=\"widget\" data-e-type=\"widget\" data-widget_type=\"spacer.default\">\n\t\t\t\t<div class=\"elementor-widget-container\">\n\t\t\t\t\t\t\t<div class=\"elementor-spacer\">\n\t\t\t<div class=\"elementor-spacer-inner\"><\/div>\n\t\t<\/div>\n\t\t\t\t\t\t<\/div>\n\t\t\t\t<\/div>\n\t\t\t\t\t<\/div>\n\t\t<\/div>\n\t\t\t\t\t<\/div>\n\t\t<\/section>\n\t\t\t\t<div class=\"elementor-element elementor-element-e6128ec elementor-widget elementor-widget-spacer\" data-id=\"e6128ec\" data-element_type=\"widget\" data-e-type=\"widget\" data-widget_type=\"spacer.default\">\n\t\t\t\t<div class=\"elementor-widget-container\">\n\t\t\t\t\t\t\t<div class=\"elementor-spacer\">\n\t\t\t<div class=\"elementor-spacer-inner\"><\/div>\n\t\t<\/div>\n\t\t\t\t\t\t<\/div>\n\t\t\t\t<\/div>\n\t\t\t\t<section class=\"elementor-section elementor-inner-section elementor-element elementor-element-986f6af elementor-section-boxed elementor-section-height-default elementor-section-height-default\" data-id=\"986f6af\" data-element_type=\"section\" data-e-type=\"section\">\n\t\t\t\t\t\t<div class=\"elementor-container elementor-column-gap-default\">\n\t\t\t\t\t<div class=\"elementor-column elementor-col-100 elementor-inner-column elementor-element elementor-element-89d0183\" data-id=\"89d0183\" data-element_type=\"column\" data-e-type=\"column\" data-settings=\"{&quot;background_background&quot;:&quot;classic&quot;}\">\n\t\t\t<div class=\"elementor-widget-wrap elementor-element-populated\">\n\t\t\t\t\t\t<div class=\"elementor-element elementor-element-d8f55e4 elementor-widget elementor-widget-spacer\" data-id=\"d8f55e4\" data-element_type=\"widget\" data-e-type=\"widget\" data-widget_type=\"spacer.default\">\n\t\t\t\t<div class=\"elementor-widget-container\">\n\t\t\t\t\t\t\t<div class=\"elementor-spacer\">\n\t\t\t<div class=\"elementor-spacer-inner\"><\/div>\n\t\t<\/div>\n\t\t\t\t\t\t<\/div>\n\t\t\t\t<\/div>\n\t\t\t\t<div class=\"elementor-element elementor-element-2e85726 elementor-widget elementor-widget-text-editor\" data-id=\"2e85726\" data-element_type=\"widget\" data-e-type=\"widget\" data-widget_type=\"text-editor.default\">\n\t\t\t\t<div class=\"elementor-widget-container\">\n\t\t\t\t\t\t\t\t\t<h1><span style=\"color: #00a79f;\"><strong>Vetro termico<\/strong><\/span><\/h1><p>Poich\u00e9 gran parte della dispersione termica avviene attraverso gli infissi esterni, \u00e8 molto importante sostituire vetri e serramenti non coibentati con prodotti pi\u00f9 moderni, in grado di garantire elevati livelli di isolamento termico e acustico.<br \/>La Vetreria Rodi si occupa anche di\u00a0sostituire vetri non coibentati con<strong>\u00a0<span style=\"color: #00a79f;\">vetri termici di ultima generazione<\/span><\/strong><span style=\"color: #00a79f;\">.<\/span><\/p><p>Visita il nostro <span style=\"color: #00a79f;\"><a style=\"color: #00a79f;\" href=\"https:\/\/www.vetreriarodi.it\/index.php\/portfolio-realizzazioni\/\">portfolio realizzazioni.<\/a><\/span><\/p>\t\t\t\t\t\t\t\t<\/div>\n\t\t\t\t<\/div>\n\t\t\t\t\t<\/div>\n\t\t<\/div>\n\t\t\t\t\t<\/div>\n\t\t<\/section>\n\t\t\t\t<div class=\"elementor-element elementor-element-3a4710f elementor-widget elementor-widget-spacer\" data-id=\"3a4710f\" data-element_type=\"widget\" data-e-type=\"widget\" data-widget_type=\"spacer.default\">\n\t\t\t\t<div class=\"elementor-widget-container\">\n\t\t\t\t\t\t\t<div class=\"elementor-spacer\">\n\t\t\t<div class=\"elementor-spacer-inner\"><\/div>\n\t\t<\/div>\n\t\t\t\t\t\t<\/div>\n\t\t\t\t<\/div>\n\t\t\t\t\t<\/div>\n\t\t<\/div>\n\t\t\t\t\t<\/div>\n\t\t<\/section>\n\t\t\t\t<\/div>\n\t\t","protected":false},"excerpt":{"rendered":"<p>Vetro termico Poich\u00e9 gran parte della dispersione termica avviene attraverso gli infissi esterni, \u00e8 molto importante sostituire vetri e serramenti non coibentati con prodotti pi\u00f9 moderni, in grado di garantire elevati livelli di isolamento termico e acustico.La Vetreria Rodi si occupa anche di\u00a0sostituire vetri non coibentati con\u00a0vetri termici di ultima generazione. Visita il nostro portfolio [&hellip;]<\/p>\n","protected":false},"author":1,"featured_media":0,"parent":4478,"menu_order":0,"comment_status":"closed","ping_status":"closed","template":"","meta":{"site-sidebar-layout":"no-sidebar","site-content-layout":"page-builder","ast-site-content-layout":"full-width-container","site-content-style":"unboxed","site-sidebar-style":"unboxed","ast-global-header-display":"","ast-banner-title-visibility":"","ast-main-header-display":"","ast-hfb-above-header-display":"","ast-hfb-below-header-display":"","ast-hfb-mobile-header-display":"","site-post-title":"disabled","ast-breadcrumbs-content":"","ast-featured-img":"disabled","footer-sml-layout":"","ast-disable-related-posts":"","theme-transparent-header-meta":"default","adv-header-id-meta":"","stick-header-meta":"","header-above-stick-meta":"","header-main-stick-meta":"","header-below-stick-meta":"","astra-migrate-meta-layouts":"set","ast-page-background-enabled":"default","ast-page-background-meta":{"desktop":{"background-color":"var(--ast-global-color-4)","background-image":"","background-repeat":"repeat","background-position":"center center","background-size":"auto","background-attachment":"scroll","background-type":"","background-media":"","overlay-type":"","overlay-color":"","overlay-opacity":"","overlay-gradient":""},"tablet":{"background-color":"","background-image":"","background-repeat":"repeat","background-position":"center center","background-size":"auto","background-attachment":"scroll","background-type":"","background-media":"","overlay-type":"","overlay-color":"","overlay-opacity":"","overlay-gradient":""},"mobile":{"background-color":"","background-image":"","background-repeat":"repeat","background-position":"center center","background-size":"auto","background-attachment":"scroll","background-type":"","background-media":"","overlay-type":"","overlay-color":"","overlay-opacity":"","overlay-gradient":""}},"ast-content-background-meta":{"desktop":{"background-color":"var(--ast-global-color-5)","background-image":"","background-repeat":"repeat","background-position":"center center","background-size":"auto","background-attachment":"scroll","background-type":"","background-media":"","overlay-type":"","overlay-color":"","overlay-opacity":"","overlay-gradient":""},"tablet":{"background-color":"var(--ast-global-color-5)","background-image":"","background-repeat":"repeat","background-position":"center center","background-size":"auto","background-attachment":"scroll","background-type":"","background-media":"","overlay-type":"","overlay-color":"","overlay-opacity":"","overlay-gradient":""},"mobile":{"background-color":"var(--ast-global-color-5)","background-image":"","background-repeat":"repeat","background-position":"center center","background-size":"auto","background-attachment":"scroll","background-type":"","background-media":"","overlay-type":"","overlay-color":"","overlay-opacity":"","overlay-gradient":""}},"footnotes":""},"class_list":["post-4560","page","type-page","status-publish","hentry"],"yoast_head":"<!-- This site is optimized with the Yoast SEO plugin v27.3 - https:\/\/yoast.com\/product\/yoast-seo-wordpress\/ -->\n<title>Vetro Termico - Vetreria Rodi Genova<\/title>\n<meta name=\"description\" content=\"Vetreria Rodi si occupa anche di sostituire vetri non coibentati con vetri termici di ultima generazione.\" \/>\n<meta name=\"robots\" content=\"index, follow, max-snippet:-1, max-image-preview:large, max-video-preview:-1\" \/>\n<link rel=\"canonical\" href=\"https:\/\/www.vetreriarodi.it\/index.php\/prodotti\/vetro-termico\/\" \/>\n<meta property=\"og:locale\" content=\"it_IT\" \/>\n<meta property=\"og:type\" content=\"article\" \/>\n<meta property=\"og:title\" content=\"Vetro Termico - Vetreria Rodi Genova\" \/>\n<meta property=\"og:description\" content=\"Vetreria Rodi si occupa anche di sostituire vetri non coibentati con vetri termici di ultima generazione.\" \/>\n<meta property=\"og:url\" content=\"https:\/\/www.vetreriarodi.it\/index.php\/prodotti\/vetro-termico\/\" \/>\n<meta property=\"og:site_name\" content=\"Vetreria Rodi Genova\" \/>\n<meta property=\"article:modified_time\" content=\"2024-09-16T09:01:33+00:00\" \/>\n<meta property=\"og:image\" content=\"http:\/\/www.vetreriarodi.it\/wp-content\/uploads\/2021\/11\/vetro-termico-1-300x300.jpg\" \/>\n<meta name=\"twitter:card\" content=\"summary_large_image\" \/>\n<meta name=\"twitter:label1\" content=\"Tempo di lettura stimato\" \/>\n\t<meta name=\"twitter:data1\" content=\"2 minuti\" \/>\n<script type=\"application\/ld+json\" class=\"yoast-schema-graph\">{\"@context\":\"https:\\\/\\\/schema.org\",\"@graph\":[{\"@type\":\"WebPage\",\"@id\":\"https:\\\/\\\/www.vetreriarodi.it\\\/index.php\\\/prodotti\\\/vetro-termico\\\/\",\"url\":\"https:\\\/\\\/www.vetreriarodi.it\\\/index.php\\\/prodotti\\\/vetro-termico\\\/\",\"name\":\"Vetro Termico - Vetreria Rodi Genova\",\"isPartOf\":{\"@id\":\"https:\\\/\\\/www.vetreriarodi.it\\\/#website\"},\"primaryImageOfPage\":{\"@id\":\"https:\\\/\\\/www.vetreriarodi.it\\\/index.php\\\/prodotti\\\/vetro-termico\\\/#primaryimage\"},\"image\":{\"@id\":\"https:\\\/\\\/www.vetreriarodi.it\\\/index.php\\\/prodotti\\\/vetro-termico\\\/#primaryimage\"},\"thumbnailUrl\":\"http:\\\/\\\/www.vetreriarodi.it\\\/wp-content\\\/uploads\\\/2021\\\/11\\\/vetro-termico-1-300x300.jpg\",\"datePublished\":\"2021-10-25T14:28:15+00:00\",\"dateModified\":\"2024-09-16T09:01:33+00:00\",\"description\":\"Vetreria Rodi si occupa anche di sostituire vetri non coibentati con vetri termici di ultima generazione.\",\"breadcrumb\":{\"@id\":\"https:\\\/\\\/www.vetreriarodi.it\\\/index.php\\\/prodotti\\\/vetro-termico\\\/#breadcrumb\"},\"inLanguage\":\"it-IT\",\"potentialAction\":[{\"@type\":\"ReadAction\",\"target\":[\"https:\\\/\\\/www.vetreriarodi.it\\\/index.php\\\/prodotti\\\/vetro-termico\\\/\"]}]},{\"@type\":\"ImageObject\",\"inLanguage\":\"it-IT\",\"@id\":\"https:\\\/\\\/www.vetreriarodi.it\\\/index.php\\\/prodotti\\\/vetro-termico\\\/#primaryimage\",\"url\":\"https:\\\/\\\/www.vetreriarodi.it\\\/wp-content\\\/uploads\\\/2021\\\/11\\\/vetro-termico-1-scaled.jpg\",\"contentUrl\":\"https:\\\/\\\/www.vetreriarodi.it\\\/wp-content\\\/uploads\\\/2021\\\/11\\\/vetro-termico-1-scaled.jpg\",\"width\":2560,\"height\":1390},{\"@type\":\"BreadcrumbList\",\"@id\":\"https:\\\/\\\/www.vetreriarodi.it\\\/index.php\\\/prodotti\\\/vetro-termico\\\/#breadcrumb\",\"itemListElement\":[{\"@type\":\"ListItem\",\"position\":1,\"name\":\"Home\",\"item\":\"https:\\\/\\\/www.vetreriarodi.it\\\/\"},{\"@type\":\"ListItem\",\"position\":2,\"name\":\"Prodotti\",\"item\":\"https:\\\/\\\/www.vetreriarodi.it\\\/index.php\\\/prodotti\\\/\"},{\"@type\":\"ListItem\",\"position\":3,\"name\":\"Vetro termico\"}]},{\"@type\":\"WebSite\",\"@id\":\"https:\\\/\\\/www.vetreriarodi.it\\\/#website\",\"url\":\"https:\\\/\\\/www.vetreriarodi.it\\\/\",\"name\":\"Vetreria Rodi Genova\",\"description\":\"Vetri e specchi su misura\",\"publisher\":{\"@id\":\"https:\\\/\\\/www.vetreriarodi.it\\\/#organization\"},\"potentialAction\":[{\"@type\":\"SearchAction\",\"target\":{\"@type\":\"EntryPoint\",\"urlTemplate\":\"https:\\\/\\\/www.vetreriarodi.it\\\/?s={search_term_string}\"},\"query-input\":{\"@type\":\"PropertyValueSpecification\",\"valueRequired\":true,\"valueName\":\"search_term_string\"}}],\"inLanguage\":\"it-IT\"},{\"@type\":\"Organization\",\"@id\":\"https:\\\/\\\/www.vetreriarodi.it\\\/#organization\",\"name\":\"Vetreria Rodi Genova\",\"url\":\"https:\\\/\\\/www.vetreriarodi.it\\\/\",\"logo\":{\"@type\":\"ImageObject\",\"inLanguage\":\"it-IT\",\"@id\":\"https:\\\/\\\/www.vetreriarodi.it\\\/#\\\/schema\\\/logo\\\/image\\\/\",\"url\":\"https:\\\/\\\/www.vetreriarodi.it\\\/wp-content\\\/uploads\\\/2021\\\/11\\\/cropped-vetreriarodi-logo.png\",\"contentUrl\":\"https:\\\/\\\/www.vetreriarodi.it\\\/wp-content\\\/uploads\\\/2021\\\/11\\\/cropped-vetreriarodi-logo.png\",\"width\":340,\"height\":156,\"caption\":\"Vetreria Rodi Genova\"},\"image\":{\"@id\":\"https:\\\/\\\/www.vetreriarodi.it\\\/#\\\/schema\\\/logo\\\/image\\\/\"}}]}<\/script>\n<!-- \/ Yoast SEO plugin. -->","yoast_head_json":{"title":"Vetro Termico - Vetreria Rodi Genova","description":"Vetreria Rodi si occupa anche di sostituire vetri non coibentati con vetri termici di ultima generazione.","robots":{"index":"index","follow":"follow","max-snippet":"max-snippet:-1","max-image-preview":"max-image-preview:large","max-video-preview":"max-video-preview:-1"},"canonical":"https:\/\/www.vetreriarodi.it\/index.php\/prodotti\/vetro-termico\/","og_locale":"it_IT","og_type":"article","og_title":"Vetro Termico - Vetreria Rodi Genova","og_description":"Vetreria Rodi si occupa anche di sostituire vetri non coibentati con vetri termici di ultima generazione.","og_url":"https:\/\/www.vetreriarodi.it\/index.php\/prodotti\/vetro-termico\/","og_site_name":"Vetreria Rodi Genova","article_modified_time":"2024-09-16T09:01:33+00:00","og_image":[{"url":"http:\/\/www.vetreriarodi.it\/wp-content\/uploads\/2021\/11\/vetro-termico-1-300x300.jpg","type":"","width":"","height":""}],"twitter_card":"summary_large_image","twitter_misc":{"Tempo di lettura stimato":"2 minuti"},"schema":{"@context":"https:\/\/schema.org","@graph":[{"@type":"WebPage","@id":"https:\/\/www.vetreriarodi.it\/index.php\/prodotti\/vetro-termico\/","url":"https:\/\/www.vetreriarodi.it\/index.php\/prodotti\/vetro-termico\/","name":"Vetro Termico - Vetreria Rodi Genova","isPartOf":{"@id":"https:\/\/www.vetreriarodi.it\/#website"},"primaryImageOfPage":{"@id":"https:\/\/www.vetreriarodi.it\/index.php\/prodotti\/vetro-termico\/#primaryimage"},"image":{"@id":"https:\/\/www.vetreriarodi.it\/index.php\/prodotti\/vetro-termico\/#primaryimage"},"thumbnailUrl":"http:\/\/www.vetreriarodi.it\/wp-content\/uploads\/2021\/11\/vetro-termico-1-300x300.jpg","datePublished":"2021-10-25T14:28:15+00:00","dateModified":"2024-09-16T09:01:33+00:00","description":"Vetreria Rodi si occupa anche di sostituire vetri non coibentati con vetri termici di ultima generazione.","breadcrumb":{"@id":"https:\/\/www.vetreriarodi.it\/index.php\/prodotti\/vetro-termico\/#breadcrumb"},"inLanguage":"it-IT","potentialAction":[{"@type":"ReadAction","target":["https:\/\/www.vetreriarodi.it\/index.php\/prodotti\/vetro-termico\/"]}]},{"@type":"ImageObject","inLanguage":"it-IT","@id":"https:\/\/www.vetreriarodi.it\/index.php\/prodotti\/vetro-termico\/#primaryimage","url":"https:\/\/www.vetreriarodi.it\/wp-content\/uploads\/2021\/11\/vetro-termico-1-scaled.jpg","contentUrl":"https:\/\/www.vetreriarodi.it\/wp-content\/uploads\/2021\/11\/vetro-termico-1-scaled.jpg","width":2560,"height":1390},{"@type":"BreadcrumbList","@id":"https:\/\/www.vetreriarodi.it\/index.php\/prodotti\/vetro-termico\/#breadcrumb","itemListElement":[{"@type":"ListItem","position":1,"name":"Home","item":"https:\/\/www.vetreriarodi.it\/"},{"@type":"ListItem","position":2,"name":"Prodotti","item":"https:\/\/www.vetreriarodi.it\/index.php\/prodotti\/"},{"@type":"ListItem","position":3,"name":"Vetro termico"}]},{"@type":"WebSite","@id":"https:\/\/www.vetreriarodi.it\/#website","url":"https:\/\/www.vetreriarodi.it\/","name":"Vetreria Rodi Genova","description":"Vetri e specchi su misura","publisher":{"@id":"https:\/\/www.vetreriarodi.it\/#organization"},"potentialAction":[{"@type":"SearchAction","target":{"@type":"EntryPoint","urlTemplate":"https:\/\/www.vetreriarodi.it\/?s={search_term_string}"},"query-input":{"@type":"PropertyValueSpecification","valueRequired":true,"valueName":"search_term_string"}}],"inLanguage":"it-IT"},{"@type":"Organization","@id":"https:\/\/www.vetreriarodi.it\/#organization","name":"Vetreria Rodi Genova","url":"https:\/\/www.vetreriarodi.it\/","logo":{"@type":"ImageObject","inLanguage":"it-IT","@id":"https:\/\/www.vetreriarodi.it\/#\/schema\/logo\/image\/","url":"https:\/\/www.vetreriarodi.it\/wp-content\/uploads\/2021\/11\/cropped-vetreriarodi-logo.png","contentUrl":"https:\/\/www.vetreriarodi.it\/wp-content\/uploads\/2021\/11\/cropped-vetreriarodi-logo.png","width":340,"height":156,"caption":"Vetreria Rodi Genova"},"image":{"@id":"https:\/\/www.vetreriarodi.it\/#\/schema\/logo\/image\/"}}]}},"_links":{"self":[{"href":"https:\/\/www.vetreriarodi.it\/index.php\/wp-json\/wp\/v2\/pages\/4560","targetHints":{"allow":["GET"]}}],"collection":[{"href":"https:\/\/www.vetreriarodi.it\/index.php\/wp-json\/wp\/v2\/pages"}],"about":[{"href":"https:\/\/www.vetreriarodi.it\/index.php\/wp-json\/wp\/v2\/types\/page"}],"author":[{"embeddable":true,"href":"https:\/\/www.vetreriarodi.it\/index.php\/wp-json\/wp\/v2\/users\/1"}],"replies":[{"embeddable":true,"href":"https:\/\/www.vetreriarodi.it\/index.php\/wp-json\/wp\/v2\/comments?post=4560"}],"version-history":[{"count":0,"href":"https:\/\/www.vetreriarodi.it\/index.php\/wp-json\/wp\/v2\/pages\/4560\/revisions"}],"up":[{"embeddable":true,"href":"https:\/\/www.vetreriarodi.it\/index.php\/wp-json\/wp\/v2\/pages\/4478"}],"wp:attachment":[{"href":"https:\/\/www.vetreriarodi.it\/index.php\/wp-json\/wp\/v2\/media?parent=4560"}],"curies":[{"name":"wp","href":"https:\/\/api.w.org\/{rel}","templated":true}]}}